{"id":337,"date":"2024-02-08T09:13:08","date_gmt":"2024-02-08T08:13:08","guid":{"rendered":"https:\/\/oriogastronomiavasca.com\/regala-valencia\/"},"modified":"2024-02-13T12:43:08","modified_gmt":"2024-02-13T11:43:08","slug":"regala-valencia","status":"publish","type":"page","link":"https:\/\/oriogastronomiavasca.com\/ca\/regala-valencia\/","title":{"rendered":"REGALA VALENCIA"},"content":{"rendered":"<p><section class=\"ffb-id-7c9o2t1i fg-section fg-text-dark\"><div class=\"fg-container container-fluid fg-container-fluid fg-container-lvl--1 \"><div class=\"fg-row row    \" ><div class=\"ffb-id-7c9o2t1j fg-col col-xs-12 col-md-12 fg-text-dark\"><div class=\"fg-vcenter-wrapper\"><div class=\"fg-vcenter\"><a class=\"ffb-id-7ce3d6fu fg-link fg-link-wrapper-el display-block fg-text-dark\" href=\"\/\" target=\"_blank\"><img decoding=\"async\" class=\"ffb-id-7c9o2tl5 fg-image  img-responsive fg-text-dark\" src=\"https:\/\/oriogastronomiavasca.com\/wp-content\/uploads\/2024\/01\/orio-black.png\" alt=\"orio-black\"><\/a><div class=\"ffb-id-7c9o2tkp fg-row row    fg-row-match-cols fg-text-dark\" data-fg-match-cols=\"{&quot;1&quot;:&quot;1&quot;,&quot;2&quot;:&quot;1&quot;,&quot;3&quot;:&quot;1&quot;,&quot;4&quot;:&quot;1&quot;}\"><div class=\"ffb-id-7c9o2tl1 fg-col col-xs-12 col-md-3 hidden-xs hidden-sm fg-text-dark\"><div class=\"fg-match-column-inside-wrapper\"><\/div><\/div><div class=\"ffb-id-7c9o2tl2 fg-col col-xs-12 col-md-6 fg-text-dark\"><div class=\"fg-vcenter-wrapper\"><div class=\"fg-vcenter\"><div class=\"fg-match-column-inside-wrapper\"><div class=\"ffb-id-7ce3hvpj fg-paragraph ff-richtext text-left    fg-text-dark\"><\/p>\n<p style=\"text-align: center\"><strong>Orio Valencia<\/strong><\/p>\n<p><\/div><div class=\"ffb-id-7ce38rlq fg-paragraph ff-richtext text-left    fg-text-dark\"><\/p>\n<p style=\"text-align: center\">Calle de San Vicente M&aacute;rtir, 23<br \/>46002 Valencia<br \/>Tel&egrave;fon: +34 963 511 992<\/p>\n<p><\/div><p class=\"ffb-id-7ce4pcj8 fg-paragraph text-left    fg-text-dark\">El restaurant Orio Val\u00e8ncia Centre est\u00e0 situat en el centre hist\u00f2ric de la ciutat, en plena art\u00e8ria principal de la Catedral, l'Ajuntament i el Mercat Central. El restaurant et convida a viatjar per la cultura basca a trav\u00e9s del paladar. Ferro, \u00f2xid i olor de mar es conjuguen en un ambient informal per a oferir-te els millors plats de peix del Pa\u00eds Basc.<\/p><\/div><\/div><\/div><\/div><div class=\"ffb-id-7c9o2tl7 fg-col col-xs-12 col-md-3 hidden-xs hidden-sm fg-text-dark\"><div class=\"fg-match-column-inside-wrapper\"><\/div><\/div><\/div><div class=\"ffb-id-7c9o8l8v ff-owl-carousel ff-custom-slider-2 fg-text-dark\"><div class=\"ff-one-owl-carousel\" data-slider=\"{&quot;loop&quot;:true,&quot;autoplay&quot;:true,&quot;dots&quot;:false,&quot;stagePadding&quot;:&quot;0&quot;,&quot;speed&quot;:&quot;1500&quot;,&quot;margin&quot;:&quot;&quot;,&quot;smartSpeed&quot;:&quot;750&quot;,&quot;xs&quot;:&quot;1&quot;,&quot;sm&quot;:&quot;1&quot;,&quot;md&quot;:&quot;3&quot;,&quot;lg&quot;:&quot;3&quot;,&quot;autoHeight&quot;:false}\"><div class=\"ffb-id-7c9o8l9c item fg-text-dark\"><img decoding=\"async\" class=\"ffb-id-7c9o8l9e fg-image  img-responsive full-width fg-text-dark\" src=\"https:\/\/oriogastronomiavasca.com\/wp-content\/uploads\/2024\/01\/orio-valencia_0006_OrioVLC_referencia_espai.jpg\" alt=\"orio-valencia_0006_OrioVLC_referencia_espai\"><\/div><div class=\"ffb-id-7c9o8l9f item fg-text-dark\"><img decoding=\"async\" class=\"ffb-id-7c9o8l9h fg-image  img-responsive full-width fg-text-dark\" src=\"https:\/\/oriogastronomiavasca.com\/wp-content\/uploads\/2024\/01\/orio-fuencarral_0002_OrioFuencarral_referencia_espai2.jpg\" alt=\"orio-fuencarral_0002_OrioFuencarral_referencia_espai2\"><\/div><div class=\"ffb-id-7c9o8l9i item fg-text-dark\"><img decoding=\"async\" class=\"ffb-id-7c9o8l9k fg-image  img-responsive full-width fg-text-dark\" src=\"https:\/\/oriogastronomiavasca.com\/wp-content\/uploads\/2024\/01\/orio-valencia_0004_OrioVLC_referencia_espai3.jpg\" alt=\"orio-valencia_0004_OrioVLC_referencia_espai3\"><\/div><div class=\"ffb-id-7c9o8l9l item fg-text-dark\"><img decoding=\"async\" class=\"ffb-id-7c9o8l9n fg-image  img-responsive full-width fg-text-dark\" src=\"https:\/\/oriogastronomiavasca.com\/wp-content\/uploads\/2024\/01\/orio-valencia_0002_OrioVLC_referencia_espai5.jpg\" alt=\"orio-valencia_0002_OrioVLC_referencia_espai5\"><\/div><div class=\"ffb-id-7ce57ej4 item fg-text-dark\"><img decoding=\"async\" class=\"ffb-id-7ce57ej5 fg-image  img-responsive full-width fg-text-dark\" src=\"https:\/\/oriogastronomiavasca.com\/wp-content\/uploads\/2024\/01\/orio-valencia_0001_OrioVLC_referencia_espai6.jpg\" alt=\"orio-valencia_0001_OrioVLC_referencia_espai6\"><\/div><div class=\"ffb-id-7ce57mmv item fg-text-dark\"><img decoding=\"async\" class=\"ffb-id-7ce57mn0 fg-image  img-responsive full-width fg-text-dark\" src=\"https:\/\/oriogastronomiavasca.com\/wp-content\/uploads\/2024\/01\/orio-valencia_0000_OrioVLC_referencia_espai7.jpg\" alt=\"orio-valencia_0000_OrioVLC_referencia_espai7\"><\/div><\/div><div class=\"owl-control-arrows-v2 ff-owl-controls text-center fg-text-dark ffb-arrows2\"><span class=\"ff-owl-controls-item-prev\"><span class=\"owl-arrow ff-font-awesome4 icon-angle-left\"><\/span><\/span><span class=\"ff-owl-controls-item-next\"><span class=\"owl-arrow ff-font-awesome4 icon-angle-right\"><\/span><\/span><\/div><\/div><\/div><\/div><\/div><\/div><\/div><\/section><style>@media (min-width:768px) { .ffb-id-7c9o2t1i{ padding-top: 0px;}}@media (min-width:992px) { .ffb-id-7c9o2t1i{ margin-top: 0px;}}.ffb-id-7c9o2t1j{ text-align: center !important;}.ffb-id-7c9o2t1j ,.ffb-id-7c9o2t1j:before,.ffb-id-7c9o2t1j:after,.ffb-id-7c9o2t1j:hover,.ffb-id-7c9o2t1j:focus,.ffb-id-7c9o2t1j *,.ffb-id-7c9o2t1j *:before,.ffb-id-7c9o2t1j *:after,.ffb-id-7c9o2t1j *:hover,.ffb-id-7c9o2t1j *:focus{ text-align: center !important;}@media (min-width:992px) { .ffb-id-7c9o2t1j{ text-align: center !important;}}@media (min-width:992px) { .ffb-id-7c9o2t1j ,.ffb-id-7c9o2t1j:before,.ffb-id-7c9o2t1j:after,.ffb-id-7c9o2t1j:hover,.ffb-id-7c9o2t1j:focus,.ffb-id-7c9o2t1j *,.ffb-id-7c9o2t1j *:before,.ffb-id-7c9o2t1j *:after,.ffb-id-7c9o2t1j *:hover,.ffb-id-7c9o2t1j *:focus{ text-align: center !important;}}.ffb-id-7c9o8l8v .ffb-arrows2 .owl-arrow{ color: #ffffff;}.ffb-id-7c9o8l8v .ffb-arrows2 .owl-arrow{ background: rgba(0, 0, 0, 0);}.ffb-id-7c9o8l8v .ffb-arrows2 .owl-arrow:hover{ color: #ffffff;}.ffb-id-7c9o8l8v .ffb-arrows2 .owl-arrow:hover{ background: rgba(0, 0, 0, 0);}.ffb-id-7c9o8l8v{ padding-right: 0px;padding-left: 0px;}@media (min-width:768px) { .ffb-id-7c9o8l8v{ padding-right: 0px;padding-left: 0px;}}@media (min-width:992px) { .ffb-id-7c9o8l8v{ margin-top: 0px;padding-top: 0px;padding-right: 5%;padding-left: 5%;}}@media (min-width:992px) { .ffb-id-7c9o2tkp{ margin-bottom: 0px;padding-bottom: 0px;}}@media (min-width:768px) { .ffb-id-7c9o2t1j .ffb-id-7c9o2tl2{ padding-top: 0px;}}@media (min-width:992px) { .ffb-id-7c9o2t1j .ffb-id-7c9o2tl2{ padding-top: 3%;padding-bottom: 1%;}}.ffb-id-7c9o2t1j .ffb-id-7c9o2tl2{ text-align: center !important;}.ffb-id-7c9o2t1j .ffb-id-7c9o2tl2 ,.ffb-id-7c9o2t1j .ffb-id-7c9o2tl2:before,.ffb-id-7c9o2t1j .ffb-id-7c9o2tl2:after,.ffb-id-7c9o2t1j .ffb-id-7c9o2tl2:hover,.ffb-id-7c9o2t1j .ffb-id-7c9o2tl2:focus,.ffb-id-7c9o2t1j .ffb-id-7c9o2tl2 *,.ffb-id-7c9o2t1j .ffb-id-7c9o2tl2 *:before,.ffb-id-7c9o2t1j .ffb-id-7c9o2tl2 *:after,.ffb-id-7c9o2t1j .ffb-id-7c9o2tl2 *:hover,.ffb-id-7c9o2t1j .ffb-id-7c9o2tl2 *:focus{ text-align: center !important;}.ffb-id-7ce4pcj8 ,.ffb-id-7ce4pcj8:before,.ffb-id-7ce4pcj8:after,.ffb-id-7ce4pcj8 *,.ffb-id-7ce4pcj8 *:before,.ffb-id-7ce4pcj8 *:after{ color: #000000 !important;}.ffb-id-7ce4pcj8{ font-family: custom-font-family-2, Arial, sans-serif !important;}.ffb-id-7ce4pcj8:before,.ffb-id-7ce4pcj8:after,.ffb-id-7ce4pcj8:hover,.ffb-id-7ce4pcj8:focus,.ffb-id-7ce4pcj8 *,.ffb-id-7ce4pcj8 *:before,.ffb-id-7ce4pcj8 *:after,.ffb-id-7ce4pcj8 *:hover,.ffb-id-7ce4pcj8 *:focus{ font-family: custom-font-family-2, Arial, sans-serif !important;}.ffb-id-7ce38rlq ,.ffb-id-7ce38rlq:before,.ffb-id-7ce38rlq:after,.ffb-id-7ce38rlq *,.ffb-id-7ce38rlq *:before,.ffb-id-7ce38rlq *:after{ color: #000000 !important;}.ffb-id-7ce38rlq{ font-family: custom-font-family-3, Arial, sans-serif !important;}.ffb-id-7ce38rlq:before,.ffb-id-7ce38rlq:after,.ffb-id-7ce38rlq:hover,.ffb-id-7ce38rlq:focus,.ffb-id-7ce38rlq *,.ffb-id-7ce38rlq *:before,.ffb-id-7ce38rlq *:after,.ffb-id-7ce38rlq *:hover,.ffb-id-7ce38rlq *:focus{ font-family: custom-font-family-3, Arial, sans-serif !important;}.ffb-id-7ce3hvpj ,.ffb-id-7ce3hvpj:before,.ffb-id-7ce3hvpj:after,.ffb-id-7ce3hvpj *,.ffb-id-7ce3hvpj *:before,.ffb-id-7ce3hvpj *:after{ color: #000000 !important;}.ffb-id-7ce3hvpj{ font-family: custom-font-family-3, Arial, sans-serif !important;}.ffb-id-7ce3hvpj:before,.ffb-id-7ce3hvpj:after,.ffb-id-7ce3hvpj:hover,.ffb-id-7ce3hvpj:focus,.ffb-id-7ce3hvpj *,.ffb-id-7ce3hvpj *:before,.ffb-id-7ce3hvpj *:after,.ffb-id-7ce3hvpj *:hover,.ffb-id-7ce3hvpj *:focus{ font-family: custom-font-family-3, Arial, sans-serif !important;}@media (min-width:992px) { .ffb-id-7ce3hvpj{ font-size: 33px !important;}}@media (min-width:992px) { .ffb-id-7ce3hvpj ,.ffb-id-7ce3hvpj:before,.ffb-id-7ce3hvpj:after,.ffb-id-7ce3hvpj:hover,.ffb-id-7ce3hvpj:focus,.ffb-id-7ce3hvpj *,.ffb-id-7ce3hvpj *:before,.ffb-id-7ce3hvpj *:after,.ffb-id-7ce3hvpj *:hover,.ffb-id-7ce3hvpj *:focus{ font-size: 33px !important;}}.ffb-id-7ce3d6fu{ text-align: center !important;}.ffb-id-7ce3d6fu ,.ffb-id-7ce3d6fu:before,.ffb-id-7ce3d6fu:after,.ffb-id-7ce3d6fu:hover,.ffb-id-7ce3d6fu:focus,.ffb-id-7ce3d6fu *,.ffb-id-7ce3d6fu *:before,.ffb-id-7ce3d6fu *:after,.ffb-id-7ce3d6fu *:hover,.ffb-id-7ce3d6fu *:focus{ text-align: center !important;}@media (min-width:992px) { .ffb-id-7c9o2tl5{ padding-top: 70px;}}.ffb-id-7c9o2tl5{ width:150px;}@media (min-width:992px) { .ffb-id-7c9o2tl5{ width:150px;}}<\/style><script type=\"text\/javascript\"><\/script><section class=\"ffb-id-7ce388ka fg-section fg-text-dark\"><div class=\"fg-container container fg-container-large fg-container-lvl--1 \"><div class=\"fg-row row    \" ><div class=\"ffb-id-7ce388o6 fg-col col-xs-12 col-md-12 fg-text-dark\"><div class=\"fg-vcenter-wrapper\"><div class=\"fg-vcenter\"><div class=\"ffb-id-7ce388rm fg-row row    fg-row-match-cols fg-text-dark\" data-fg-match-cols=\"{&quot;1&quot;:&quot;1&quot;,&quot;2&quot;:&quot;1&quot;,&quot;3&quot;:&quot;1&quot;,&quot;4&quot;:&quot;1&quot;}\"><div class=\"ffb-id-7ce388rt fg-col col-xs-12 col-md-12 fg-text-dark\"><div class=\"fg-vcenter-wrapper\"><div class=\"fg-vcenter\"><div class=\"fg-match-column-inside-wrapper\"><p class=\"ffb-id-7ce388rv fg-paragraph text-left    fg-text-dark\"><iframe loading=\"lazy\" src=\"https:\/\/www.covermanager.com\/eco\/buy_products\/restaurante-oriovalencia\/catalan\" frameborder=\"0\" height=\"550\" width=\"100%\"><\/iframe><br \/>\n                                                <\/p><\/div><\/div><\/div><\/div><\/div><\/div><\/div><\/div><\/div><\/div><\/section><style>@media (min-width:768px) { \n.ffb-id-7c9o2t1i{ \npadding-top: 0px;\n\n}\n}@media (min-width:992px) { \n.ffb-id-7c9o2t1i{ \nmargin-top: 0px;\n\n}\n}.ffb-id-7c9o2t1j{ \ntext-align: center !important;\n}\n.ffb-id-7c9o2t1j ,\n.ffb-id-7c9o2t1j:before,\n.ffb-id-7c9o2t1j:after,\n.ffb-id-7c9o2t1j:hover,\n.ffb-id-7c9o2t1j:focus,\n.ffb-id-7c9o2t1j *,\n.ffb-id-7c9o2t1j *:before,\n.ffb-id-7c9o2t1j *:after,\n.ffb-id-7c9o2t1j *:hover,\n.ffb-id-7c9o2t1j *:focus{ \ntext-align: center !important;\n}\n@media (min-width:992px) { \n.ffb-id-7c9o2t1j{ \ntext-align: center !important;\n}\n}@media (min-width:992px) { \n.ffb-id-7c9o2t1j ,\n.ffb-id-7c9o2t1j:before,\n.ffb-id-7c9o2t1j:after,\n.ffb-id-7c9o2t1j:hover,\n.ffb-id-7c9o2t1j:focus,\n.ffb-id-7c9o2t1j *,\n.ffb-id-7c9o2t1j *:before,\n.ffb-id-7c9o2t1j *:after,\n.ffb-id-7c9o2t1j *:hover,\n.ffb-id-7c9o2t1j *:focus{ \ntext-align: center !important;\n}\n}.ffb-id-7c9o8l8v .ffb-arrows2 .owl-arrow{ \ncolor: #ffffff;\n}\n.ffb-id-7c9o8l8v .ffb-arrows2 .owl-arrow{ \nbackground: rgba(0, 0, 0, 0);\n}\n.ffb-id-7c9o8l8v .ffb-arrows2 .owl-arrow:hover{ \ncolor: #ffffff;\n}\n.ffb-id-7c9o8l8v .ffb-arrows2 .owl-arrow:hover{ \nbackground: rgba(0, 0, 0, 0);\n}\n.ffb-id-7c9o8l8v{ \npadding-right: 0px;\npadding-left: 0px;\n\n}\n@media (min-width:768px) { \n.ffb-id-7c9o8l8v{ \npadding-right: 0px;\npadding-left: 0px;\n\n}\n}@media (min-width:992px) { \n.ffb-id-7c9o8l8v{ \nmargin-top: 0px;\npadding-top: 0px;\npadding-right: 5%;\npadding-left: 5%;\n\n}\n}@media (min-width:992px) { \n.ffb-id-7c9o2tkp{ \nmargin-bottom: 0px;\npadding-bottom: 0px;\n\n}\n}@media (min-width:768px) { \n.ffb-id-7c9o2t1j .ffb-id-7c9o2tl2{ \npadding-top: 0px;\n\n}\n}@media (min-width:992px) { \n.ffb-id-7c9o2t1j .ffb-id-7c9o2tl2{ \npadding-top: 3%;\npadding-bottom: 1%;\n\n}\n}.ffb-id-7c9o2t1j .ffb-id-7c9o2tl2{ \ntext-align: center !important;\n}\n.ffb-id-7c9o2t1j .ffb-id-7c9o2tl2 ,\n.ffb-id-7c9o2t1j .ffb-id-7c9o2tl2:before,\n.ffb-id-7c9o2t1j .ffb-id-7c9o2tl2:after,\n.ffb-id-7c9o2t1j .ffb-id-7c9o2tl2:hover,\n.ffb-id-7c9o2t1j .ffb-id-7c9o2tl2:focus,\n.ffb-id-7c9o2t1j .ffb-id-7c9o2tl2 *,\n.ffb-id-7c9o2t1j .ffb-id-7c9o2tl2 *:before,\n.ffb-id-7c9o2t1j .ffb-id-7c9o2tl2 *:after,\n.ffb-id-7c9o2t1j .ffb-id-7c9o2tl2 *:hover,\n.ffb-id-7c9o2t1j .ffb-id-7c9o2tl2 *:focus{ \ntext-align: center !important;\n}\n.ffb-id-7ce4pcj8 ,\n.ffb-id-7ce4pcj8:before,\n.ffb-id-7ce4pcj8:after,\n.ffb-id-7ce4pcj8 *,\n.ffb-id-7ce4pcj8 *:before,\n.ffb-id-7ce4pcj8 *:after{ \ncolor: #000000 !important;\n}\n.ffb-id-7ce4pcj8{ \nfont-family: custom-font-family-2, Arial, sans-serif !important;\n}\n.ffb-id-7ce4pcj8:before,\n.ffb-id-7ce4pcj8:after,\n.ffb-id-7ce4pcj8:hover,\n.ffb-id-7ce4pcj8:focus,\n.ffb-id-7ce4pcj8 *,\n.ffb-id-7ce4pcj8 *:before,\n.ffb-id-7ce4pcj8 *:after,\n.ffb-id-7ce4pcj8 *:hover,\n.ffb-id-7ce4pcj8 *:focus{ \nfont-family: custom-font-family-2, Arial, sans-serif !important;\n}\n.ffb-id-7ce38rlq ,\n.ffb-id-7ce38rlq:before,\n.ffb-id-7ce38rlq:after,\n.ffb-id-7ce38rlq *,\n.ffb-id-7ce38rlq *:before,\n.ffb-id-7ce38rlq *:after{ \ncolor: #000000 !important;\n}\n.ffb-id-7ce38rlq{ \nfont-family: custom-font-family-3, Arial, sans-serif !important;\n}\n.ffb-id-7ce38rlq:before,\n.ffb-id-7ce38rlq:after,\n.ffb-id-7ce38rlq:hover,\n.ffb-id-7ce38rlq:focus,\n.ffb-id-7ce38rlq *,\n.ffb-id-7ce38rlq *:before,\n.ffb-id-7ce38rlq *:after,\n.ffb-id-7ce38rlq *:hover,\n.ffb-id-7ce38rlq *:focus{ \nfont-family: custom-font-family-3, Arial, sans-serif !important;\n}\n.ffb-id-7ce3hvpj ,\n.ffb-id-7ce3hvpj:before,\n.ffb-id-7ce3hvpj:after,\n.ffb-id-7ce3hvpj *,\n.ffb-id-7ce3hvpj *:before,\n.ffb-id-7ce3hvpj *:after{ \ncolor: #000000 !important;\n}\n.ffb-id-7ce3hvpj{ \nfont-family: custom-font-family-3, Arial, sans-serif !important;\n}\n.ffb-id-7ce3hvpj:before,\n.ffb-id-7ce3hvpj:after,\n.ffb-id-7ce3hvpj:hover,\n.ffb-id-7ce3hvpj:focus,\n.ffb-id-7ce3hvpj *,\n.ffb-id-7ce3hvpj *:before,\n.ffb-id-7ce3hvpj *:after,\n.ffb-id-7ce3hvpj *:hover,\n.ffb-id-7ce3hvpj *:focus{ \nfont-family: custom-font-family-3, Arial, sans-serif !important;\n}\n@media (min-width:992px) { \n.ffb-id-7ce3hvpj{ \nfont-size: 33px !important;\n}\n}@media (min-width:992px) { \n.ffb-id-7ce3hvpj ,\n.ffb-id-7ce3hvpj:before,\n.ffb-id-7ce3hvpj:after,\n.ffb-id-7ce3hvpj:hover,\n.ffb-id-7ce3hvpj:focus,\n.ffb-id-7ce3hvpj *,\n.ffb-id-7ce3hvpj *:before,\n.ffb-id-7ce3hvpj *:after,\n.ffb-id-7ce3hvpj *:hover,\n.ffb-id-7ce3hvpj *:focus{ \nfont-size: 33px !important;\n}\n}.ffb-id-7ce3d6fu{ \ntext-align: center !important;\n}\n.ffb-id-7ce3d6fu ,\n.ffb-id-7ce3d6fu:before,\n.ffb-id-7ce3d6fu:after,\n.ffb-id-7ce3d6fu:hover,\n.ffb-id-7ce3d6fu:focus,\n.ffb-id-7ce3d6fu *,\n.ffb-id-7ce3d6fu *:before,\n.ffb-id-7ce3d6fu *:after,\n.ffb-id-7ce3d6fu *:hover,\n.ffb-id-7ce3d6fu *:focus{ \ntext-align: center !important;\n}\n@media (min-width:992px) { \n.ffb-id-7c9o2tl5{ \npadding-top: 70px;\n\n}\n}.ffb-id-7c9o2tl5{ \nwidth:150px;\n}\n@media (min-width:992px) { \n.ffb-id-7c9o2tl5{ \nwidth:150px;\n}\n}@media (min-width:768px) { .ffb-id-7ce388ka{ padding-top: 0px;padding-bottom: 5%;}}@media (min-width:992px) { .ffb-id-7ce388ka{ margin-top: 0px;padding-right: 5%;padding-bottom: 3%;padding-left: 5%;}}@media (min-width:992px) { .ffb-id-7ce388rm{ margin-bottom: 0px;}}@media (min-width:768px) { .ffb-id-7ce388o6 .ffb-id-7ce388rt{ padding-top: 0px;}}@media (min-width:992px) { .ffb-id-7ce388o6 .ffb-id-7ce388rt{ padding-top: 3%;padding-bottom: 5%;}}.ffb-id-7ce388o6 .ffb-id-7ce388rt{ text-align: center !important;}.ffb-id-7ce388o6 .ffb-id-7ce388rt ,.ffb-id-7ce388o6 .ffb-id-7ce388rt:before,.ffb-id-7ce388o6 .ffb-id-7ce388rt:after,.ffb-id-7ce388o6 .ffb-id-7ce388rt:hover,.ffb-id-7ce388o6 .ffb-id-7ce388rt:focus,.ffb-id-7ce388o6 .ffb-id-7ce388rt *,.ffb-id-7ce388o6 .ffb-id-7ce388rt *:before,.ffb-id-7ce388o6 .ffb-id-7ce388rt *:after,.ffb-id-7ce388o6 .ffb-id-7ce388rt *:hover,.ffb-id-7ce388o6 .ffb-id-7ce388rt *:focus{ text-align: center !important;}<\/style><script type=\"text\/javascript\"><\/script><\/p>\n","protected":false},"excerpt":{"rendered":"","protected":false},"author":1,"featured_media":0,"parent":0,"menu_order":0,"comment_status":"closed","ping_status":"closed","template":"","meta":{"footnotes":""},"class_list":["post-337","page","type-page","status-publish","hentry","post-wrapper"],"_links":{"self":[{"href":"https:\/\/oriogastronomiavasca.com\/ca\/wp-json\/wp\/v2\/pages\/337","targetHints":{"allow":["GET"]}}],"collection":[{"href":"https:\/\/oriogastronomiavasca.com\/ca\/wp-json\/wp\/v2\/pages"}],"about":[{"href":"https:\/\/oriogastronomiavasca.com\/ca\/wp-json\/wp\/v2\/types\/page"}],"author":[{"embeddable":true,"href":"https:\/\/oriogastronomiavasca.com\/ca\/wp-json\/wp\/v2\/users\/1"}],"replies":[{"embeddable":true,"href":"https:\/\/oriogastronomiavasca.com\/ca\/wp-json\/wp\/v2\/comments?post=337"}],"version-history":[{"count":2,"href":"https:\/\/oriogastronomiavasca.com\/ca\/wp-json\/wp\/v2\/pages\/337\/revisions"}],"predecessor-version":[{"id":339,"href":"https:\/\/oriogastronomiavasca.com\/ca\/wp-json\/wp\/v2\/pages\/337\/revisions\/339"}],"wp:attachment":[{"href":"https:\/\/oriogastronomiavasca.com\/ca\/wp-json\/wp\/v2\/media?parent=337"}],"curies":[{"name":"wp","href":"https:\/\/api.w.org\/{rel}","templated":true}]}}